{"id":6742,"date":"2026-03-01T17:58:44","date_gmt":"2026-03-01T16:58:44","guid":{"rendered":"https:\/\/val.samdesignstudio.com\/gestao-do-ciclo-de-vida-de-contratos-clm\/"},"modified":"2026-04-02T19:00:00","modified_gmt":"2026-04-02T17:00:00","slug":"gestao-do-ciclo-de-vida-de-contratos-clm","status":"publish","type":"page","link":"https:\/\/valpatek.com\/pt-pt\/gestao-do-ciclo-de-vida-de-contratos-clm\/","title":{"rendered":"Gest\u00e3o do ciclo de vida de contratos (CLM)"},"content":{"rendered":"<div class=\"wpb-content-wrapper\"><p>[vc_row no_padding=&#8221;yes&#8221; conditional_render=&#8221;%5B%7B%22value_role%22%3A%22administrator%22%7D%5D&#8221; css_params=&#8221;&#8221; css=&#8221;.vc_custom_1772368421268{margin-bottom: 1.65rem !important;padding-top: 10px !important;background: rgba(28,114,220,0.15) url(https:\/\/valpatek.com\/wp-content\/uploads\/2026\/02\/section-bg.png?id=5708) !important;background-position: center !important;background-repeat: no-repeat !important;background-size: cover !important;*background-color: rgb(28,114,220) !important;border-radius: 15px !important;}&#8221; el_class=&#8221;vp-product-img-wrap&#8221;][vc_column][vc_row_inner no_padding=&#8221;yes&#8221; content_placement=&#8221;middle&#8221; css=&#8221;.vc_custom_1772368473917{padding-top: 1rem !important;padding-right: 40px !important;padding-left: 40px !important;}&#8221; css_params=&#8221;{&#8220;css_padding_right_lg&#8220;:&#8220;20px&#8220;,&#8220;css_padding_left_lg&#8220;:&#8220;20px&#8220;}&#8221; custom_css_response=&#8221;@media(max-width:991px){.vc_custom_1772368473917{padding-right:20px!important;padding-left:20px!important;}}&#8221;][vc_column_inner width=&#8221;5\/6&#8243; offset=&#8221;vc_col-md-offset-0 vc_col-md-5 vc_col-sm-offset-1&#8243; css_params=&#8221;&#8221; css=&#8221;.vc_custom_1771865517620{padding-right: 2.1% !important;padding-left: 2.1% !important;}&#8221;]<div class=\"page-top page-header-1   wpb_custom_20119615e0d021fe5d5387ddcea8d4f1\"><style>.page-top { background: none; border-bottom: none; } .page-top .page-title:not(.b-none):after { display: none; }.page-top .page-title {color: #3a3a3a;}<\/style><div class=\"container\">\r\n\t<div class=\"row\">\r\n\t\t<div class=\"col-lg-12\">\r\n\t\t\t\t\t\t\t<nav aria-label=\"breadcrumb\" class=\"breadcrumbs-wrap\">\r\n\t\t\t\t\t<ul class=\"breadcrumb\" itemscope itemtype=\"https:\/\/schema.org\/BreadcrumbList\"><li class=\"home\" itemprop=\"itemListElement\" itemscope itemtype=\"https:\/\/schema.org\/ListItem\"><a itemprop=\"item\" href=\"https:\/\/valpatek.com\/pt-pt\/\" title=\"Go to Home Page\"><span itemprop=\"name\">Home<\/span><\/a><meta itemprop=\"position\" content=\"1\" \/><i class=\"delimiter delimiter-2\"><\/i><\/li><\/ul>\t\t\t\t<\/nav>\r\n\t\t\t\t\t\t<div class=\"page-title-wrap\">\r\n\t\t\t\t\t\t\t\t<h1 class=\"page-title\"><\/h1>\r\n\t\t\t\t\t\t\t<\/div>\r\n\t\t\t\t\t<\/div>\r\n\t<\/div>\r\n<\/div>\r\n<\/div><div class=\"porto-animation\"  data-appear-animation=\"fadeInUp\" data-appear-animation-delay=\"600\">[vc_btn title=&#8221;Descobrir&#8221; shape=&#8221;round&#8221; align=&#8221;left&#8221; i_align=&#8221;right&#8221; i_icon_fontawesome=&#8221;fas fa-arrow-down&#8221; skin=&#8221;light&#8221; btn_fs=&#8221;1.05rem&#8221; btn_fw=&#8221;500&#8243; el_cls=&#8221;hero-btn font-primary&#8221; animation_delay=&#8221;&#8221; add_icon=&#8221;true&#8221; css=&#8221;.vc_custom_1772375716355{margin-bottom: 3px !important;}&#8221; btn_px=&#8221;0.62rem&#8221; btn_py=&#8221;0.72rem&#8221; css_params=&#8221;&#8221; btn_icon_spacing=&#8221;{&#8220;xl&#8220;:&#8220;0&#8220;,&#8220;unit&#8220;:&#8220;&#8220;,&#8220;xs&#8220;:&#8220;&#8220;,&#8220;sm&#8220;:&#8220;&#8220;,&#8220;md&#8220;:&#8220;&#8220;,&#8220;lg&#8220;:&#8220;&#8220;}&#8221; btn_icon_size=&#8221;{&#8220;xl&#8220;:&#8220;14&#8220;,&#8220;unit&#8220;:&#8220;&#8220;,&#8220;xs&#8220;:&#8220;&#8220;,&#8220;sm&#8220;:&#8220;&#8220;,&#8220;md&#8220;:&#8220;&#8220;,&#8220;lg&#8220;:&#8220;&#8220;}&#8221; el_class=&#8221;text-lg-start&#8221; link=&#8221;url:%23producto|&#8221;]<\/div>[\/vc_column_inner][vc_column_inner width=&#8221;2\/3&#8243; offset=&#8221;vc_col-md-offset-0 vc_col-md-7 vc_col-sm-offset-2&#8243; css_params=&#8221;&#8221;][vc_single_image image=&#8221;6743&#8243; img_size=&#8221;full&#8221; alignment=&#8221;right&#8221; css=&#8221;.vc_custom_1772385449314{margin-bottom: 0px !important;}&#8221; css_params=&#8221;&#8221; el_class=&#8221;vp-product-img&#8221;][\/vc_column_inner][\/vc_row_inner][\/vc_column][\/vc_row][vc_row conditional_render=&#8221;%5B%7B%22value_role%22%3A%22administrator%22%7D%5D&#8221; css_params=&#8221;&#8221; css=&#8221;.vc_custom_1772375766870{padding-top: 30px !important;padding-bottom: 30px !important;}&#8221; el_id=&#8221;produto&#8221;][vc_column]<div class=\"porto-u-heading  wpb_custom_9ef2e86325c95896aa9549a67f18c2bf porto-u-ad87e2eaf3f9c495180fe0156ddf3eb0  vc_custom_1772385316057\" data-appear-animation=\"fadeInUp\" data-appear-animation-delay=\"200\"><div class=\"porto-u-main-heading\"><h2  >Melhorar a efici\u00eancia e o desempenho empresarial com um sistema CLM<\/h2><\/div><style>.porto-u-ad87e2eaf3f9c495180fe0156ddf3eb0.porto-u-heading{text-align:left}<\/style><\/div>[\/vc_column][vc_column width=&#8221;5\/6&#8243; css=&#8221;.vc_custom_1772279920507{padding-top: 1.4rem !important;padding-right: 5% !important;padding-bottom: 1.2rem !important;}&#8221; conditional_render=&#8221;%5B%7B%22value_role%22%3A%22administrator%22%7D%5D&#8221; css_params=&#8221;{&#8220;css_padding_right_lg&#8220;:&#8220;12px&#8220;}&#8221; offset=&#8221;vc_col-md-offset-0 vc_col-md-6 vc_col-sm-offset-1&#8243; custom_css_response=&#8221;@media(max-width:991px){.vc_custom_1772279920507{padding-right:12px!important;}}&#8221;][vc_column_text css=&#8221;&#8221; css_params=&#8221;&#8221;]A Gest\u00e3o do Ciclo de Vida de Contratos (Contract Lifecycle Management, CLM) \u00e9 um <b>processo \u00edntegro<\/b> que abrange a cria\u00e7\u00e3o, execu\u00e7\u00e3o e gest\u00e3o de contratos ao longo da sua dura\u00e7\u00e3o. Deste modo, ao estar estruturado, <b>optimiza-se<\/b> a administra\u00e7\u00e3o de contratos numa organiza\u00e7\u00e3o, <b>melhorando<\/b> a efici\u00eancia e <b>reduzindo<\/b> riscos.<\/p>\n<p>O CLM abrange v\u00e1rias etapas, incluindo a reda\u00e7\u00e3o e aprova\u00e7\u00e3o do contrato, a sua gest\u00e3o e, finalmente, a sua renova\u00e7\u00e3o ou cessa\u00e7\u00e3o. Utilizam-se <b>ferramentas e software espec\u00edficos<\/b> para <b>automatizar e padronizar<\/b> estas fases, assegurando que os contratos cumpram as normas e pol\u00edticas internas.[\/vc_column_text][\/vc_column][vc_column width=&#8221;5\/6&#8243; css=&#8221;.vc_custom_1772300125289{padding-top: 1.4rem !important;padding-right: 5% !important;padding-bottom: 1.2rem !important;}&#8221; conditional_render=&#8221;%5B%7B%22value_role%22%3A%22administrator%22%7D%5D&#8221; css_params=&#8221;&#8221; offset=&#8221;vc_col-md-offset-0 vc_col-md-6 vc_col-sm-offset-1&#8243;][vc_column_text css=&#8221;&#8221; css_params=&#8221;&#8221;]As principais funcionalidades de um sistema de CLM incluem a cria\u00e7\u00e3o automatizada de contratos, baseada em modelos pr\u00e9-aprovados, e a gest\u00e3o de vers\u00f5es, que permite um acompanhamento preciso das altera\u00e7\u00f5es. Al\u00e9m disso, conta com capacidades de <b>armazenamento centralizado<\/b>, facilitando o acesso e a pesquisa de documentos.<\/p>\n<p>Outra funcionalidade fundamental que o CLM aporta \u00e9 o acompanhamento de marcos e prazos, alertando os utilizadores sobre vencimentos e renova\u00e7\u00f5es. Bem como o p\u00f3s-processamento do documento integrando <b>assinatura digital<\/b>.[\/vc_column_text][\/vc_column][\/vc_row][vc_row wrap_container=&#8221;yes&#8221; css=&#8221;.vc_custom_1772377723323{margin-bottom: 45px !important;padding-top: 65px !important;padding-right: 15px !important;padding-bottom: 65px !important;padding-left: 15px !important;background: #e8f0f6 url(https:\/\/valpatek.com\/wp-content\/uploads\/2025\/01\/endcap-gradient.png?id=5620) !important;background-position: center !important;background-repeat: no-repeat !important;background-size: cover !important;border-radius: 15px !important;}&#8221; conditional_render=&#8221;%5B%7B%22value_role%22%3A%22administrator%22%7D%5D&#8221; css_params=&#8221;&#8221;][vc_column]<div class=\"porto-u-heading ml-auto mr-auto w-max-770 m-b-xxl pb-2  wpb_custom_358c846c0fb24caee6746316dc2c4686 porto-u-9f78e0ae4952bec6f863870316839c91  vc_custom_1772377146396\" data-appear-animation=\"fadeInUp\" data-appear-animation-delay=\"400\"><div class=\"porto-u-main-heading\"><h2   style=\"margin-bottom: 24px;\">Benef\u00edcios<\/h2><\/div><style>.porto-u-9f78e0ae4952bec6f863870316839c91.porto-u-heading{text-align:center} @media(max-width:991px){ .porto-u-9f78e0ae4952bec6f863870316839c91.porto-u-heading{text-align:left}}<\/style><\/div>[\/vc_column][vc_column width=&#8221;1\/2&#8243; conditional_render=&#8221;%5B%7B%22value_role%22%3A%22administrator%22%7D%5D&#8221; css_params=&#8221;&#8221;]<div class=\"porto-sicon-box  vc_custom_1772385346085 custom-icon-box overflow-hidden box-shadow-hover translate-top-10 position-relative  wpb_custom_2dade0cf43b6fe118df12b908bf8b1bc style_1 left-icon\"><div class=\"porto-sicon-left\"><div class=\"porto-just-icon-wrapper porto-icon none\" style=\"color:#1c72dc;font-size:25px;margin-bottom:26px;\"><i class=\"fas fa-check\"><\/i><\/div><\/div><div class=\"porto-sicon-body\"><div class=\"porto-sicon-header\"><h3 class=\"porto-sicon-title\" style=\"margin-bottom:9px;\">Melhora a visibilidade e o controlo sobre os contratos.<\/h3><\/div> <!-- header --><\/div><\/div><!-- porto-sicon-box --><div class=\"porto-sicon-box  vc_custom_1772385353273 custom-icon-box overflow-hidden box-shadow-hover translate-top-10 position-relative  wpb_custom_2dade0cf43b6fe118df12b908bf8b1bc style_1 left-icon\"><div class=\"porto-sicon-left\"><div class=\"porto-just-icon-wrapper porto-icon none\" style=\"color:#1c72dc;font-size:25px;margin-bottom:26px;\"><i class=\"fas fa-check\"><\/i><\/div><\/div><div class=\"porto-sicon-body\"><div class=\"porto-sicon-header\"><h3 class=\"porto-sicon-title\" style=\"margin-bottom:9px;\">Agiliza os processos de aprova\u00e7\u00e3o e execu\u00e7\u00e3o atrav\u00e9s de fluxos de trabalho automatizados.<\/h3><\/div> <!-- header --><\/div><\/div><!-- porto-sicon-box --><div class=\"porto-sicon-box  vc_custom_1772385360835 custom-icon-box overflow-hidden box-shadow-hover translate-top-10 position-relative  wpb_custom_2dade0cf43b6fe118df12b908bf8b1bc style_1 left-icon\"><div class=\"porto-sicon-left\"><div class=\"porto-just-icon-wrapper porto-icon none\" style=\"color:#1c72dc;font-size:25px;margin-bottom:26px;\"><i class=\"fas fa-check\"><\/i><\/div><\/div><div class=\"porto-sicon-body\"><div class=\"porto-sicon-header\"><h3 class=\"porto-sicon-title\" style=\"margin-bottom:9px;\">Aumenta a transpar\u00eancia e a colabora\u00e7\u00e3o entre as partes envolvidas.<\/h3><\/div> <!-- header --><\/div><\/div><!-- porto-sicon-box --><div class=\"porto-sicon-box  vc_custom_1772385367027 custom-icon-box overflow-hidden box-shadow-hover translate-top-10 position-relative  wpb_custom_2dade0cf43b6fe118df12b908bf8b1bc style_1 left-icon\"><div class=\"porto-sicon-left\"><div class=\"porto-just-icon-wrapper porto-icon none\" style=\"color:#1c72dc;font-size:25px;margin-bottom:26px;\"><i class=\"fas fa-check\"><\/i><\/div><\/div><div class=\"porto-sicon-body\"><div class=\"porto-sicon-header\"><h3 class=\"porto-sicon-title\" style=\"margin-bottom:9px;\">Oferece relat\u00f3rios e an\u00e1lises completos.<\/h3><\/div> <!-- header --><\/div><\/div><!-- porto-sicon-box -->[\/vc_column][vc_column width=&#8221;1\/2&#8243;]<div class=\"porto-sicon-box  vc_custom_1772385374481 custom-icon-box overflow-hidden box-shadow-hover translate-top-10 position-relative  wpb_custom_2dade0cf43b6fe118df12b908bf8b1bc style_1 left-icon\"><div class=\"porto-sicon-left\"><div class=\"porto-just-icon-wrapper porto-icon none\" style=\"color:#1c72dc;font-size:25px;margin-bottom:26px;\"><i class=\"fas fa-check\"><\/i><\/div><\/div><div class=\"porto-sicon-body\"><div class=\"porto-sicon-header\"><h3 class=\"porto-sicon-title\" style=\"margin-bottom:9px;\">Facilita a identifica\u00e7\u00e3o e mitiga\u00e7\u00e3o de riscos.<\/h3><\/div> <!-- header --><\/div><\/div><!-- porto-sicon-box --><div class=\"porto-sicon-box  vc_custom_1772385381688 custom-icon-box overflow-hidden box-shadow-hover translate-top-10 position-relative  wpb_custom_2dade0cf43b6fe118df12b908bf8b1bc style_1 left-icon\"><div class=\"porto-sicon-left\"><div class=\"porto-just-icon-wrapper porto-icon none\" style=\"color:#1c72dc;font-size:25px;margin-bottom:26px;\"><i class=\"fas fa-check\"><\/i><\/div><\/div><div class=\"porto-sicon-body\"><div class=\"porto-sicon-header\"><h3 class=\"porto-sicon-title\" style=\"margin-bottom:9px;\">Reduz os tempos e custos associados.<\/h3><\/div> <!-- header --><\/div><\/div><!-- porto-sicon-box --><div class=\"porto-sicon-box  vc_custom_1772385389022 custom-icon-box overflow-hidden box-shadow-hover translate-top-10 position-relative  wpb_custom_2dade0cf43b6fe118df12b908bf8b1bc style_1 left-icon\"><div class=\"porto-sicon-left\"><div class=\"porto-just-icon-wrapper porto-icon none\" style=\"color:#1c72dc;font-size:25px;margin-bottom:26px;\"><i class=\"fas fa-check\"><\/i><\/div><\/div><div class=\"porto-sicon-body\"><div class=\"porto-sicon-header\"><h3 class=\"porto-sicon-title\" style=\"margin-bottom:9px;\">Cria rela\u00e7\u00f5es comerciais mais s\u00f3lidas.<\/h3><\/div> <!-- header --><\/div><\/div><!-- porto-sicon-box --><div class=\"porto-sicon-box  vc_custom_1772385410025 custom-icon-box overflow-hidden box-shadow-hover translate-top-10 position-relative  wpb_custom_2dade0cf43b6fe118df12b908bf8b1bc style_1 left-icon\"><div class=\"porto-sicon-left\"><div class=\"porto-just-icon-wrapper porto-icon none\" style=\"color:#1c72dc;font-size:25px;margin-bottom:26px;\"><i class=\"fas fa-check\"><\/i><\/div><\/div><div class=\"porto-sicon-body\"><div class=\"porto-sicon-header\"><h3 class=\"porto-sicon-title\" style=\"margin-bottom:9px;\">Fornece dados valiosos para a tomada de decis\u00f5es estrat\u00e9gicas.<\/h3><\/div> <!-- header --><\/div><\/div><!-- porto-sicon-box -->[\/vc_column][\/vc_row]<\/p>\n<\/div>","protected":false},"excerpt":{"rendered":"<p>[vc_row no_padding=&#8221;yes&#8221; conditional_render=&#8221;%5B%7B%22value_role%22%3A%22administrator%22%7D%5D&#8221; css_params=&#8221;&#8221; css=&#8221;.vc_custom_1772368421268{margin-bottom: 1.65rem !important;padding-top: 10px !important;background: rgba(28,114,220,0.15) url(https:\/\/valpatek.com\/wp-content\/uploads\/2026\/02\/section-bg.png?id=5708) !important;background-position: center !important;background-repeat: no-repeat !important;background-size: cover !important;*background-color: rgb(28,114,220) !important;border-radius: 15px !important;}&#8221; el_class=&#8221;vp-product-img-wrap&#8221;][vc_column][vc_row_inner no_padding=&#8221;yes&#8221; content_placement=&#8221;middle&#8221; css=&#8221;.vc_custom_1772368473917{padding-top: 1rem !important;padding-right: 40px !important;padding-left: 40px !important;}&#8221; css_params=&#8221;{&#8220;css_padding_right_lg&#8220;:&#8220;20px&#8220;,&#8220;css_padding_left_lg&#8220;:&#8220;20px&#8220;}&#8221; custom_css_response=&#8221;@media(max-width:991px){.vc_custom_1772368473917{padding-right:20px!important;padding-left:20px!important;}}&#8221;][vc_column_inner width=&#8221;5\/6&#8243; offset=&#8221;vc_col-md-offset-0 vc_col-md-5 vc_col-sm-offset-1&#8243; css_params=&#8221;&#8221; css=&#8221;.vc_custom_1771865517620{padding-right: 2.1% !important;padding-left: 2.1% !important;}&#8221;][\/vc_column_inner][vc_column_inner width=&#8221;2\/3&#8243; offset=&#8221;vc_col-md-offset-0 vc_col-md-7 vc_col-sm-offset-2&#8243; css_params=&#8221;&#8221;][vc_single_image image=&#8221;6743&#8243; img_size=&#8221;full&#8221; alignment=&#8221;right&#8221; css=&#8221;.vc_custom_1772385449314{margin-bottom: 0px !important;}&#8221; [&hellip;]<\/p>\n","protected":false},"author":1,"featured_media":0,"parent":0,"menu_order":0,"comment_status":"closed","ping_status":"closed","template":"","meta":{"_acf_changed":false,"footnotes":""},"class_list":["post-6742","page","type-page","status-publish","hentry"],"acf":[],"yoast_head":"<!-- This site is optimized with the Yoast SEO plugin v27.3 - https:\/\/yoast.com\/product\/yoast-seo-wordpress\/ -->\n<title>Gest\u00e3o do ciclo de vida de contratos (CLM) - Valpatek<\/title>\n<meta name=\"robots\" content=\"index, follow, max-snippet:-1, max-image-preview:large, max-video-preview:-1\" \/>\n<link rel=\"canonical\" href=\"https:\/\/valpatek.com\/pt-pt\/gestao-do-ciclo-de-vida-de-contratos-clm\/\" \/>\n<meta property=\"og:locale\" content=\"pt_PT\" \/>\n<meta property=\"og:type\" content=\"article\" \/>\n<meta property=\"og:title\" content=\"Gest\u00e3o do ciclo de vida de contratos (CLM) - Valpatek\" \/>\n<meta property=\"og:description\" content=\"[vc_row no_padding=&#8221;yes&#8221; conditional_render=&#8221;%5B%7B%22value_role%22%3A%22administrator%22%7D%5D&#8221; css_params=&#8221;&#8221; css=&#8221;.vc_custom_1772368421268{margin-bottom: 1.65rem !important;padding-top: 10px !important;background: rgba(28,114,220,0.15) url(https:\/\/valpatek.com\/wp-content\/uploads\/2026\/02\/section-bg.png?id=5708) !important;background-position: center !important;background-repeat: no-repeat !important;background-size: cover !important;*background-color: rgb(28,114,220) !important;border-radius: 15px !important;}&#8221; el_class=&#8221;vp-product-img-wrap&#8221;][vc_column][vc_row_inner no_padding=&#8221;yes&#8221; content_placement=&#8221;middle&#8221; css=&#8221;.vc_custom_1772368473917{padding-top: 1rem !important;padding-right: 40px !important;padding-left: 40px !important;}&#8221; css_params=&#8221;{&#8220;css_padding_right_lg&#8220;:&#8220;20px&#8220;,&#8220;css_padding_left_lg&#8220;:&#8220;20px&#8220;}&#8221; custom_css_response=&#8221;@media(max-width:991px){.vc_custom_1772368473917{padding-right:20px!important;padding-left:20px!important;}}&#8221;][vc_column_inner width=&#8221;5\/6&#8243; offset=&#8221;vc_col-md-offset-0 vc_col-md-5 vc_col-sm-offset-1&#8243; css_params=&#8221;&#8221; css=&#8221;.vc_custom_1771865517620{padding-right: 2.1% !important;padding-left: 2.1% !important;}&#8221;][\/vc_column_inner][vc_column_inner width=&#8221;2\/3&#8243; offset=&#8221;vc_col-md-offset-0 vc_col-md-7 vc_col-sm-offset-2&#8243; css_params=&#8221;&#8221;][vc_single_image image=&#8221;6743&#8243; img_size=&#8221;full&#8221; alignment=&#8221;right&#8221; css=&#8221;.vc_custom_1772385449314{margin-bottom: 0px !important;}&#8221; [&hellip;]\" \/>\n<meta property=\"og:url\" content=\"https:\/\/valpatek.com\/pt-pt\/gestao-do-ciclo-de-vida-de-contratos-clm\/\" \/>\n<meta property=\"og:site_name\" content=\"Valpatek\" \/>\n<meta property=\"article:modified_time\" content=\"2026-04-02T17:00:00+00:00\" \/>\n<meta name=\"twitter:card\" content=\"summary_large_image\" \/>\n<meta name=\"twitter:label1\" content=\"Tempo estimado de leitura\" \/>\n\t<meta name=\"twitter:data1\" content=\"11 minutos\" \/>\n<script type=\"application\/ld+json\" class=\"yoast-schema-graph\">{\"@context\":\"https:\\\/\\\/schema.org\",\"@graph\":[{\"@type\":\"WebPage\",\"@id\":\"https:\\\/\\\/valpatek.com\\\/pt-pt\\\/gestao-do-ciclo-de-vida-de-contratos-clm\\\/\",\"url\":\"https:\\\/\\\/valpatek.com\\\/pt-pt\\\/gestao-do-ciclo-de-vida-de-contratos-clm\\\/\",\"name\":\"Gest\u00e3o do ciclo de vida de contratos (CLM) - Valpatek\",\"isPartOf\":{\"@id\":\"https:\\\/\\\/valpatek.com\\\/pt-pt\\\/#website\"},\"datePublished\":\"2026-03-01T16:58:44+00:00\",\"dateModified\":\"2026-04-02T17:00:00+00:00\",\"breadcrumb\":{\"@id\":\"https:\\\/\\\/valpatek.com\\\/pt-pt\\\/gestao-do-ciclo-de-vida-de-contratos-clm\\\/#breadcrumb\"},\"inLanguage\":\"pt-PT\",\"potentialAction\":[{\"@type\":\"ReadAction\",\"target\":[\"https:\\\/\\\/valpatek.com\\\/pt-pt\\\/gestao-do-ciclo-de-vida-de-contratos-clm\\\/\"]}]},{\"@type\":\"BreadcrumbList\",\"@id\":\"https:\\\/\\\/valpatek.com\\\/pt-pt\\\/gestao-do-ciclo-de-vida-de-contratos-clm\\\/#breadcrumb\",\"itemListElement\":[{\"@type\":\"ListItem\",\"position\":1,\"name\":\"Portada\",\"item\":\"https:\\\/\\\/valpatek.com\\\/pt-pt\\\/\"},{\"@type\":\"ListItem\",\"position\":2,\"name\":\"Gest\u00e3o do ciclo de vida de contratos (CLM)\"}]},{\"@type\":\"WebSite\",\"@id\":\"https:\\\/\\\/valpatek.com\\\/pt-pt\\\/#website\",\"url\":\"https:\\\/\\\/valpatek.com\\\/pt-pt\\\/\",\"name\":\"Valpatek\",\"description\":\"\",\"publisher\":{\"@id\":\"https:\\\/\\\/valpatek.com\\\/pt-pt\\\/#organization\"},\"alternateName\":\"Valpatek\",\"potentialAction\":[{\"@type\":\"SearchAction\",\"target\":{\"@type\":\"EntryPoint\",\"urlTemplate\":\"https:\\\/\\\/valpatek.com\\\/pt-pt\\\/?s={search_term_string}\"},\"query-input\":{\"@type\":\"PropertyValueSpecification\",\"valueRequired\":true,\"valueName\":\"search_term_string\"}}],\"inLanguage\":\"pt-PT\"},{\"@type\":\"Organization\",\"@id\":\"https:\\\/\\\/valpatek.com\\\/pt-pt\\\/#organization\",\"name\":\"Valpatek\",\"alternateName\":\"Valpatek\",\"url\":\"https:\\\/\\\/valpatek.com\\\/pt-pt\\\/\",\"logo\":{\"@type\":\"ImageObject\",\"inLanguage\":\"pt-PT\",\"@id\":\"https:\\\/\\\/valpatek.com\\\/pt-pt\\\/#\\\/schema\\\/logo\\\/image\\\/\",\"url\":\"https:\\\/\\\/valpatek.com\\\/wp-content\\\/uploads\\\/2026\\\/04\\\/00-final.png\",\"contentUrl\":\"https:\\\/\\\/valpatek.com\\\/wp-content\\\/uploads\\\/2026\\\/04\\\/00-final.png\",\"width\":1350,\"height\":272,\"caption\":\"Valpatek\"},\"image\":{\"@id\":\"https:\\\/\\\/valpatek.com\\\/pt-pt\\\/#\\\/schema\\\/logo\\\/image\\\/\"},\"sameAs\":[\"https:\\\/\\\/www.youtube.com\\\/channel\\\/UCQauuE4VtIbWFT07ps7kLhg\",\"https:\\\/\\\/www.instagram.com\\\/valpatek_technology_group\\\/\",\"https:\\\/\\\/www.linkedin.com\\\/company\\\/valpatek-technology-group-s-l\\\/\"]}]}<\/script>\n<!-- \/ Yoast SEO plugin. -->","yoast_head_json":{"title":"Gest\u00e3o do ciclo de vida de contratos (CLM) - Valpatek","robots":{"index":"index","follow":"follow","max-snippet":"max-snippet:-1","max-image-preview":"max-image-preview:large","max-video-preview":"max-video-preview:-1"},"canonical":"https:\/\/valpatek.com\/pt-pt\/gestao-do-ciclo-de-vida-de-contratos-clm\/","og_locale":"pt_PT","og_type":"article","og_title":"Gest\u00e3o do ciclo de vida de contratos (CLM) - Valpatek","og_description":"[vc_row no_padding=&#8221;yes&#8221; conditional_render=&#8221;%5B%7B%22value_role%22%3A%22administrator%22%7D%5D&#8221; css_params=&#8221;&#8221; css=&#8221;.vc_custom_1772368421268{margin-bottom: 1.65rem !important;padding-top: 10px !important;background: rgba(28,114,220,0.15) url(https:\/\/valpatek.com\/wp-content\/uploads\/2026\/02\/section-bg.png?id=5708) !important;background-position: center !important;background-repeat: no-repeat !important;background-size: cover !important;*background-color: rgb(28,114,220) !important;border-radius: 15px !important;}&#8221; el_class=&#8221;vp-product-img-wrap&#8221;][vc_column][vc_row_inner no_padding=&#8221;yes&#8221; content_placement=&#8221;middle&#8221; css=&#8221;.vc_custom_1772368473917{padding-top: 1rem !important;padding-right: 40px !important;padding-left: 40px !important;}&#8221; css_params=&#8221;{&#8220;css_padding_right_lg&#8220;:&#8220;20px&#8220;,&#8220;css_padding_left_lg&#8220;:&#8220;20px&#8220;}&#8221; custom_css_response=&#8221;@media(max-width:991px){.vc_custom_1772368473917{padding-right:20px!important;padding-left:20px!important;}}&#8221;][vc_column_inner width=&#8221;5\/6&#8243; offset=&#8221;vc_col-md-offset-0 vc_col-md-5 vc_col-sm-offset-1&#8243; css_params=&#8221;&#8221; css=&#8221;.vc_custom_1771865517620{padding-right: 2.1% !important;padding-left: 2.1% !important;}&#8221;][\/vc_column_inner][vc_column_inner width=&#8221;2\/3&#8243; offset=&#8221;vc_col-md-offset-0 vc_col-md-7 vc_col-sm-offset-2&#8243; css_params=&#8221;&#8221;][vc_single_image image=&#8221;6743&#8243; img_size=&#8221;full&#8221; alignment=&#8221;right&#8221; css=&#8221;.vc_custom_1772385449314{margin-bottom: 0px !important;}&#8221; [&hellip;]","og_url":"https:\/\/valpatek.com\/pt-pt\/gestao-do-ciclo-de-vida-de-contratos-clm\/","og_site_name":"Valpatek","article_modified_time":"2026-04-02T17:00:00+00:00","twitter_card":"summary_large_image","twitter_misc":{"Tempo estimado de leitura":"11 minutos"},"schema":{"@context":"https:\/\/schema.org","@graph":[{"@type":"WebPage","@id":"https:\/\/valpatek.com\/pt-pt\/gestao-do-ciclo-de-vida-de-contratos-clm\/","url":"https:\/\/valpatek.com\/pt-pt\/gestao-do-ciclo-de-vida-de-contratos-clm\/","name":"Gest\u00e3o do ciclo de vida de contratos (CLM) - Valpatek","isPartOf":{"@id":"https:\/\/valpatek.com\/pt-pt\/#website"},"datePublished":"2026-03-01T16:58:44+00:00","dateModified":"2026-04-02T17:00:00+00:00","breadcrumb":{"@id":"https:\/\/valpatek.com\/pt-pt\/gestao-do-ciclo-de-vida-de-contratos-clm\/#breadcrumb"},"inLanguage":"pt-PT","potentialAction":[{"@type":"ReadAction","target":["https:\/\/valpatek.com\/pt-pt\/gestao-do-ciclo-de-vida-de-contratos-clm\/"]}]},{"@type":"BreadcrumbList","@id":"https:\/\/valpatek.com\/pt-pt\/gestao-do-ciclo-de-vida-de-contratos-clm\/#breadcrumb","itemListElement":[{"@type":"ListItem","position":1,"name":"Portada","item":"https:\/\/valpatek.com\/pt-pt\/"},{"@type":"ListItem","position":2,"name":"Gest\u00e3o do ciclo de vida de contratos (CLM)"}]},{"@type":"WebSite","@id":"https:\/\/valpatek.com\/pt-pt\/#website","url":"https:\/\/valpatek.com\/pt-pt\/","name":"Valpatek","description":"","publisher":{"@id":"https:\/\/valpatek.com\/pt-pt\/#organization"},"alternateName":"Valpatek","potentialAction":[{"@type":"SearchAction","target":{"@type":"EntryPoint","urlTemplate":"https:\/\/valpatek.com\/pt-pt\/?s={search_term_string}"},"query-input":{"@type":"PropertyValueSpecification","valueRequired":true,"valueName":"search_term_string"}}],"inLanguage":"pt-PT"},{"@type":"Organization","@id":"https:\/\/valpatek.com\/pt-pt\/#organization","name":"Valpatek","alternateName":"Valpatek","url":"https:\/\/valpatek.com\/pt-pt\/","logo":{"@type":"ImageObject","inLanguage":"pt-PT","@id":"https:\/\/valpatek.com\/pt-pt\/#\/schema\/logo\/image\/","url":"https:\/\/valpatek.com\/wp-content\/uploads\/2026\/04\/00-final.png","contentUrl":"https:\/\/valpatek.com\/wp-content\/uploads\/2026\/04\/00-final.png","width":1350,"height":272,"caption":"Valpatek"},"image":{"@id":"https:\/\/valpatek.com\/pt-pt\/#\/schema\/logo\/image\/"},"sameAs":["https:\/\/www.youtube.com\/channel\/UCQauuE4VtIbWFT07ps7kLhg","https:\/\/www.instagram.com\/valpatek_technology_group\/","https:\/\/www.linkedin.com\/company\/valpatek-technology-group-s-l\/"]}]}},"_links":{"self":[{"href":"https:\/\/valpatek.com\/pt-pt\/wp-json\/wp\/v2\/pages\/6742","targetHints":{"allow":["GET"]}}],"collection":[{"href":"https:\/\/valpatek.com\/pt-pt\/wp-json\/wp\/v2\/pages"}],"about":[{"href":"https:\/\/valpatek.com\/pt-pt\/wp-json\/wp\/v2\/types\/page"}],"author":[{"embeddable":true,"href":"https:\/\/valpatek.com\/pt-pt\/wp-json\/wp\/v2\/users\/1"}],"replies":[{"embeddable":true,"href":"https:\/\/valpatek.com\/pt-pt\/wp-json\/wp\/v2\/comments?post=6742"}],"version-history":[{"count":3,"href":"https:\/\/valpatek.com\/pt-pt\/wp-json\/wp\/v2\/pages\/6742\/revisions"}],"predecessor-version":[{"id":6746,"href":"https:\/\/valpatek.com\/pt-pt\/wp-json\/wp\/v2\/pages\/6742\/revisions\/6746"}],"wp:attachment":[{"href":"https:\/\/valpatek.com\/pt-pt\/wp-json\/wp\/v2\/media?parent=6742"}],"curies":[{"name":"wp","href":"https:\/\/api.w.org\/{rel}","templated":true}]}}